{"id":369,"date":"2023-08-31T12:07:26","date_gmt":"2023-08-31T12:07:26","guid":{"rendered":"https:\/\/trilhosdanatureza.com\/contactos\/"},"modified":"2023-10-12T09:13:25","modified_gmt":"2023-10-12T09:13:25","slug":"contactos","status":"publish","type":"page","link":"https:\/\/trilhosdanatureza.com\/en\/contactos\/","title":{"rendered":"Contacts"},"content":{"rendered":"\n<div class=\"wpcf7 no-js\" id=\"wpcf7-f378-o1\" lang=\"en-US\" dir=\"ltr\">\n<div class=\"screen-reader-response\"><p role=\"status\" aria-live=\"polite\" aria-atomic=\"true\"><\/p> <ul><\/ul><\/div>\n<form action=\"\/en\/wp-json\/wp\/v2\/pages\/369#wpcf7-f378-o1\" method=\"post\" class=\"wpcf7-form init\" aria-label=\"Contact form\" novalidate=\"novalidate\" data-status=\"init\">\n<div style=\"display: none;\">\n<input type=\"hidden\" name=\"_wpcf7\" value=\"378\" \/>\n<input type=\"hidden\" name=\"_wpcf7_version\" value=\"5.8\" \/>\n<input type=\"hidden\" name=\"_wpcf7_locale\" value=\"en_US\" \/>\n<input type=\"hidden\" name=\"_wpcf7_unit_tag\" value=\"wpcf7-f378-o1\" \/>\n<input type=\"hidden\" name=\"_wpcf7_container_post\" value=\"0\" \/>\n<input type=\"hidden\" name=\"_wpcf7_posted_data_hash\" value=\"\" \/>\n<input type=\"hidden\" name=\"_wpcf7_recaptcha_response\" value=\"\" \/>\n<\/div>\n<div class=\"form-row form-row-1\">\n\t<p><span class=\"wpcf7-form-control-wrap\" data-name=\"your-name\"><input size=\"40\" class=\"wpcf7-form-control wpcf7-text wpcf7-validates-as-required\" aria-required=\"true\" aria-invalid=\"false\" placeholder=\"Name\" value=\"\" type=\"text\" name=\"your-name\" \/><\/span>\n\t<\/p>\n\t<p><span class=\"wpcf7-form-control-wrap\" data-name=\"your-email\"><input size=\"40\" class=\"wpcf7-form-control wpcf7-email wpcf7-validates-as-required wpcf7-text wpcf7-validates-as-email\" aria-required=\"true\" aria-invalid=\"false\" placeholder=\"Email\" value=\"\" type=\"email\" name=\"your-email\" \/><\/span>\n\t<\/p>\n<\/div>\n<div class=\"form-row form-row-2\">\n\t<p><span class=\"wpcf7-form-control-wrap\" data-name=\"your-subject\"><input size=\"40\" class=\"wpcf7-form-control wpcf7-text wpcf7-validates-as-required\" aria-required=\"true\" aria-invalid=\"false\" placeholder=\"Subject\" value=\"\" type=\"text\" name=\"your-subject\" \/><\/span>\n\t<\/p>\n<\/div>\n<div class=\"form-row form-row-3\">\n\t<p><span class=\"wpcf7-form-control-wrap\" data-name=\"your-message\"><textarea cols=\"40\" rows=\"10\" class=\"wpcf7-form-control wpcf7-textarea\" aria-invalid=\"false\" placeholder=\"Message\" name=\"your-message\"><\/textarea><\/span>\n\t<\/p>\n<\/div>\n<p><span class=\"wpcf7-form-control-wrap\" data-name=\"acceptance\"><span class=\"wpcf7-form-control wpcf7-acceptance\"><span class=\"wpcf7-list-item\"><label><input type=\"checkbox\" name=\"acceptance\" value=\"1\" aria-invalid=\"false\" \/><span class=\"wpcf7-list-item-label\">I accept the terms, conditions and <a target=\"_blank\" href=\"privacy-policy\">privacy-policy<\/a> of Trilhos da Natureza.<\/span><\/label><\/span><\/span><\/span>\n<\/p>\n<div class=\"form-row form-row-4\">\n\t<p><input class=\"wpcf7-form-control wpcf7-submit has-spinner\" type=\"submit\" value=\"Send\" \/>\n\t<\/p>\n<\/div><div class=\"wpcf7-response-output\" aria-hidden=\"true\"><\/div>\n<\/form>\n<\/div>\n\n","protected":false},"excerpt":{"rendered":"","protected":false},"author":1,"featured_media":0,"parent":0,"menu_order":0,"comment_status":"closed","ping_status":"closed","template":"template-contactos.php","meta":{"footnotes":""},"class_list":["post-369","page","type-page","status-publish","hentry"],"acf":[],"yoast_head":"<!-- This site is optimized with the Yoast SEO plugin v21.1 - https:\/\/yoast.com\/wordpress\/plugins\/seo\/ -->\n<title>Contacts - Trilhos da Natureza - Empresa de Anima\u00e7\u00e3o Tur\u00edstica A\u00e7ores<\/title>\n<meta name=\"robots\" content=\"index, follow, max-snippet:-1, max-image-preview:large, max-video-preview:-1\" \/>\n<link rel=\"canonical\" href=\"https:\/\/trilhosdanatureza.com\/en\/contactos\/\" \/>\n<meta property=\"og:locale\" content=\"en_US\" \/>\n<meta property=\"og:type\" content=\"article\" \/>\n<meta property=\"og:title\" content=\"Contacts - Trilhos da Natureza - Empresa de Anima\u00e7\u00e3o Tur\u00edstica A\u00e7ores\" \/>\n<meta property=\"og:url\" content=\"https:\/\/trilhosdanatureza.com\/en\/contactos\/\" \/>\n<meta property=\"og:site_name\" content=\"Trilhos da Natureza - Empresa de Anima\u00e7\u00e3o Tur\u00edstica A\u00e7ores\" \/>\n<meta property=\"article:publisher\" content=\"https:\/\/www.facebook.com\/trilhosdanatureza\/\" \/>\n<meta property=\"article:modified_time\" content=\"2023-10-12T09:13:25+00:00\" \/>\n<meta name=\"twitter:card\" content=\"summary_large_image\" \/>\n<meta name=\"twitter:label1\" content=\"Est. reading time\" \/>\n\t<meta name=\"twitter:data1\" content=\"1 minute\" \/>\n<script type=\"application\/ld+json\" class=\"yoast-schema-graph\">{\"@context\":\"https:\/\/schema.org\",\"@graph\":[{\"@type\":\"WebPage\",\"@id\":\"https:\/\/trilhosdanatureza.com\/en\/contactos\/\",\"url\":\"https:\/\/trilhosdanatureza.com\/en\/contactos\/\",\"name\":\"Contacts - Trilhos da Natureza - Empresa de Anima\u00e7\u00e3o Tur\u00edstica A\u00e7ores\",\"isPartOf\":{\"@id\":\"https:\/\/trilhosdanatureza.com\/#website\"},\"datePublished\":\"2023-08-31T12:07:26+00:00\",\"dateModified\":\"2023-10-12T09:13:25+00:00\",\"breadcrumb\":{\"@id\":\"https:\/\/trilhosdanatureza.com\/en\/contactos\/#breadcrumb\"},\"inLanguage\":\"en-US\",\"potentialAction\":[{\"@type\":\"ReadAction\",\"target\":[\"https:\/\/trilhosdanatureza.com\/en\/contactos\/\"]}]},{\"@type\":\"BreadcrumbList\",\"@id\":\"https:\/\/trilhosdanatureza.com\/en\/contactos\/#breadcrumb\",\"itemListElement\":[{\"@type\":\"ListItem\",\"position\":1,\"name\":\"In\u00edcio\",\"item\":\"https:\/\/trilhosdanatureza.com\/en\/\"},{\"@type\":\"ListItem\",\"position\":2,\"name\":\"Contacts\"}]},{\"@type\":\"WebSite\",\"@id\":\"https:\/\/trilhosdanatureza.com\/#website\",\"url\":\"https:\/\/trilhosdanatureza.com\/\",\"name\":\"Trilhos da Natureza - Empresa de Anima\u00e7\u00e3o Tur\u00edstica A\u00e7ores\",\"description\":\"\",\"publisher\":{\"@id\":\"https:\/\/trilhosdanatureza.com\/#organization\"},\"potentialAction\":[{\"@type\":\"SearchAction\",\"target\":{\"@type\":\"EntryPoint\",\"urlTemplate\":\"https:\/\/trilhosdanatureza.com\/?s={search_term_string}\"},\"query-input\":\"required name=search_term_string\"}],\"inLanguage\":\"en-US\"},{\"@type\":\"Organization\",\"@id\":\"https:\/\/trilhosdanatureza.com\/#organization\",\"name\":\"Trilhos da Natureza - Empresa de Anima\u00e7\u00e3o Tur\u00edstica A\u00e7ores\",\"url\":\"https:\/\/trilhosdanatureza.com\/\",\"logo\":{\"@type\":\"ImageObject\",\"inLanguage\":\"en-US\",\"@id\":\"https:\/\/trilhosdanatureza.com\/#\/schema\/logo\/image\/\",\"url\":\"https:\/\/trilhosdanatureza.com\/wp-content\/uploads\/2023\/09\/logo-pt.png\",\"contentUrl\":\"https:\/\/trilhosdanatureza.com\/wp-content\/uploads\/2023\/09\/logo-pt.png\",\"width\":228,\"height\":100,\"caption\":\"Trilhos da Natureza - Empresa de Anima\u00e7\u00e3o Tur\u00edstica A\u00e7ores\"},\"image\":{\"@id\":\"https:\/\/trilhosdanatureza.com\/#\/schema\/logo\/image\/\"},\"sameAs\":[\"https:\/\/www.facebook.com\/trilhosdanatureza\/\",\"https:\/\/www.instagram.com\/azorestrailsofnature\/\"]}]}<\/script>\n<!-- \/ Yoast SEO plugin. -->","yoast_head_json":{"title":"Contacts - Trilhos da Natureza - Empresa de Anima\u00e7\u00e3o Tur\u00edstica A\u00e7ores","robots":{"index":"index","follow":"follow","max-snippet":"max-snippet:-1","max-image-preview":"max-image-preview:large","max-video-preview":"max-video-preview:-1"},"canonical":"https:\/\/trilhosdanatureza.com\/en\/contactos\/","og_locale":"en_US","og_type":"article","og_title":"Contacts - Trilhos da Natureza - Empresa de Anima\u00e7\u00e3o Tur\u00edstica A\u00e7ores","og_url":"https:\/\/trilhosdanatureza.com\/en\/contactos\/","og_site_name":"Trilhos da Natureza - Empresa de Anima\u00e7\u00e3o Tur\u00edstica A\u00e7ores","article_publisher":"https:\/\/www.facebook.com\/trilhosdanatureza\/","article_modified_time":"2023-10-12T09:13:25+00:00","twitter_card":"summary_large_image","twitter_misc":{"Est. reading time":"1 minute"},"schema":{"@context":"https:\/\/schema.org","@graph":[{"@type":"WebPage","@id":"https:\/\/trilhosdanatureza.com\/en\/contactos\/","url":"https:\/\/trilhosdanatureza.com\/en\/contactos\/","name":"Contacts - Trilhos da Natureza - Empresa de Anima\u00e7\u00e3o Tur\u00edstica A\u00e7ores","isPartOf":{"@id":"https:\/\/trilhosdanatureza.com\/#website"},"datePublished":"2023-08-31T12:07:26+00:00","dateModified":"2023-10-12T09:13:25+00:00","breadcrumb":{"@id":"https:\/\/trilhosdanatureza.com\/en\/contactos\/#breadcrumb"},"inLanguage":"en-US","potentialAction":[{"@type":"ReadAction","target":["https:\/\/trilhosdanatureza.com\/en\/contactos\/"]}]},{"@type":"BreadcrumbList","@id":"https:\/\/trilhosdanatureza.com\/en\/contactos\/#breadcrumb","itemListElement":[{"@type":"ListItem","position":1,"name":"In\u00edcio","item":"https:\/\/trilhosdanatureza.com\/en\/"},{"@type":"ListItem","position":2,"name":"Contacts"}]},{"@type":"WebSite","@id":"https:\/\/trilhosdanatureza.com\/#website","url":"https:\/\/trilhosdanatureza.com\/","name":"Trilhos da Natureza - Empresa de Anima\u00e7\u00e3o Tur\u00edstica A\u00e7ores","description":"","publisher":{"@id":"https:\/\/trilhosdanatureza.com\/#organization"},"potentialAction":[{"@type":"SearchAction","target":{"@type":"EntryPoint","urlTemplate":"https:\/\/trilhosdanatureza.com\/?s={search_term_string}"},"query-input":"required name=search_term_string"}],"inLanguage":"en-US"},{"@type":"Organization","@id":"https:\/\/trilhosdanatureza.com\/#organization","name":"Trilhos da Natureza - Empresa de Anima\u00e7\u00e3o Tur\u00edstica A\u00e7ores","url":"https:\/\/trilhosdanatureza.com\/","logo":{"@type":"ImageObject","inLanguage":"en-US","@id":"https:\/\/trilhosdanatureza.com\/#\/schema\/logo\/image\/","url":"https:\/\/trilhosdanatureza.com\/wp-content\/uploads\/2023\/09\/logo-pt.png","contentUrl":"https:\/\/trilhosdanatureza.com\/wp-content\/uploads\/2023\/09\/logo-pt.png","width":228,"height":100,"caption":"Trilhos da Natureza - Empresa de Anima\u00e7\u00e3o Tur\u00edstica A\u00e7ores"},"image":{"@id":"https:\/\/trilhosdanatureza.com\/#\/schema\/logo\/image\/"},"sameAs":["https:\/\/www.facebook.com\/trilhosdanatureza\/","https:\/\/www.instagram.com\/azorestrailsofnature\/"]}]}},"_links":{"self":[{"href":"https:\/\/trilhosdanatureza.com\/en\/wp-json\/wp\/v2\/pages\/369","targetHints":{"allow":["GET"]}}],"collection":[{"href":"https:\/\/trilhosdanatureza.com\/en\/wp-json\/wp\/v2\/pages"}],"about":[{"href":"https:\/\/trilhosdanatureza.com\/en\/wp-json\/wp\/v2\/types\/page"}],"author":[{"embeddable":true,"href":"https:\/\/trilhosdanatureza.com\/en\/wp-json\/wp\/v2\/users\/1"}],"replies":[{"embeddable":true,"href":"https:\/\/trilhosdanatureza.com\/en\/wp-json\/wp\/v2\/comments?post=369"}],"version-history":[{"count":2,"href":"https:\/\/trilhosdanatureza.com\/en\/wp-json\/wp\/v2\/pages\/369\/revisions"}],"predecessor-version":[{"id":894,"href":"https:\/\/trilhosdanatureza.com\/en\/wp-json\/wp\/v2\/pages\/369\/revisions\/894"}],"wp:attachment":[{"href":"https:\/\/trilhosdanatureza.com\/en\/wp-json\/wp\/v2\/media?parent=369"}],"curies":[{"name":"wp","href":"https:\/\/api.w.org\/{rel}","templated":true}]}}