{"id":370,"date":"2023-08-31T12:07:14","date_gmt":"2023-08-31T12:07:14","guid":{"rendered":"https:\/\/trilhosdanatureza.com\/faqs\/"},"modified":"2023-09-18T11:53:24","modified_gmt":"2023-09-18T11:53:24","slug":"faqs","status":"publish","type":"page","link":"https:\/\/trilhosdanatureza.com\/en\/faqs\/","title":{"rendered":"FAQS"},"content":{"rendered":"","protected":false},"excerpt":{"rendered":"","protected":false},"author":1,"featured_media":0,"parent":0,"menu_order":0,"comment_status":"closed","ping_status":"closed","template":"template-faqs.php","meta":{"footnotes":""},"class_list":["post-370","page","type-page","status-publish","hentry"],"acf":[],"yoast_head":"<!-- This site is optimized with the Yoast SEO plugin v21.1 - https:\/\/yoast.com\/wordpress\/plugins\/seo\/ -->\n<title>FAQS - Trilhos da Natureza - Empresa de Anima\u00e7\u00e3o Tur\u00edstica A\u00e7ores<\/title>\n<meta name=\"robots\" content=\"index, follow, max-snippet:-1, max-image-preview:large, max-video-preview:-1\" \/>\n<link rel=\"canonical\" href=\"https:\/\/trilhosdanatureza.com\/en\/faqs\/\" \/>\n<meta property=\"og:locale\" content=\"en_US\" \/>\n<meta property=\"og:type\" content=\"article\" \/>\n<meta property=\"og:title\" content=\"FAQS - Trilhos da Natureza - Empresa de Anima\u00e7\u00e3o Tur\u00edstica A\u00e7ores\" \/>\n<meta property=\"og:url\" content=\"https:\/\/trilhosdanatureza.com\/en\/faqs\/\" \/>\n<meta property=\"og:site_name\" content=\"Trilhos da Natureza - Empresa de Anima\u00e7\u00e3o Tur\u00edstica A\u00e7ores\" \/>\n<meta property=\"article:publisher\" content=\"https:\/\/www.facebook.com\/trilhosdanatureza\/\" \/>\n<meta property=\"article:modified_time\" content=\"2023-09-18T11:53:24+00:00\" \/>\n<meta name=\"twitter:card\" content=\"summary_large_image\" \/>\n<script type=\"application\/ld+json\" class=\"yoast-schema-graph\">{\"@context\":\"https:\/\/schema.org\",\"@graph\":[{\"@type\":\"WebPage\",\"@id\":\"https:\/\/trilhosdanatureza.com\/en\/faqs\/\",\"url\":\"https:\/\/trilhosdanatureza.com\/en\/faqs\/\",\"name\":\"FAQS - Trilhos da Natureza - Empresa de Anima\u00e7\u00e3o Tur\u00edstica A\u00e7ores\",\"isPartOf\":{\"@id\":\"https:\/\/trilhosdanatureza.com\/#website\"},\"datePublished\":\"2023-08-31T12:07:14+00:00\",\"dateModified\":\"2023-09-18T11:53:24+00:00\",\"breadcrumb\":{\"@id\":\"https:\/\/trilhosdanatureza.com\/en\/faqs\/#breadcrumb\"},\"inLanguage\":\"en-US\",\"potentialAction\":[{\"@type\":\"ReadAction\",\"target\":[\"https:\/\/trilhosdanatureza.com\/en\/faqs\/\"]}]},{\"@type\":\"BreadcrumbList\",\"@id\":\"https:\/\/trilhosdanatureza.com\/en\/faqs\/#breadcrumb\",\"itemListElement\":[{\"@type\":\"ListItem\",\"position\":1,\"name\":\"In\u00edcio\",\"item\":\"https:\/\/trilhosdanatureza.com\/en\/\"},{\"@type\":\"ListItem\",\"position\":2,\"name\":\"FAQS\"}]},{\"@type\":\"WebSite\",\"@id\":\"https:\/\/trilhosdanatureza.com\/#website\",\"url\":\"https:\/\/trilhosdanatureza.com\/\",\"name\":\"Trilhos da Natureza - Empresa de Anima\u00e7\u00e3o Tur\u00edstica A\u00e7ores\",\"description\":\"\",\"publisher\":{\"@id\":\"https:\/\/trilhosdanatureza.com\/#organization\"},\"potentialAction\":[{\"@type\":\"SearchAction\",\"target\":{\"@type\":\"EntryPoint\",\"urlTemplate\":\"https:\/\/trilhosdanatureza.com\/?s={search_term_string}\"},\"query-input\":\"required name=search_term_string\"}],\"inLanguage\":\"en-US\"},{\"@type\":\"Organization\",\"@id\":\"https:\/\/trilhosdanatureza.com\/#organization\",\"name\":\"Trilhos da Natureza - Empresa de Anima\u00e7\u00e3o Tur\u00edstica A\u00e7ores\",\"url\":\"https:\/\/trilhosdanatureza.com\/\",\"logo\":{\"@type\":\"ImageObject\",\"inLanguage\":\"en-US\",\"@id\":\"https:\/\/trilhosdanatureza.com\/#\/schema\/logo\/image\/\",\"url\":\"https:\/\/trilhosdanatureza.com\/wp-content\/uploads\/2023\/09\/logo-pt.png\",\"contentUrl\":\"https:\/\/trilhosdanatureza.com\/wp-content\/uploads\/2023\/09\/logo-pt.png\",\"width\":228,\"height\":100,\"caption\":\"Trilhos da Natureza - Empresa de Anima\u00e7\u00e3o Tur\u00edstica A\u00e7ores\"},\"image\":{\"@id\":\"https:\/\/trilhosdanatureza.com\/#\/schema\/logo\/image\/\"},\"sameAs\":[\"https:\/\/www.facebook.com\/trilhosdanatureza\/\",\"https:\/\/www.instagram.com\/azorestrailsofnature\/\"]}]}<\/script>\n<!-- \/ Yoast SEO plugin. -->","yoast_head_json":{"title":"FAQS - Trilhos da Natureza - Empresa de Anima\u00e7\u00e3o Tur\u00edstica A\u00e7ores","robots":{"index":"index","follow":"follow","max-snippet":"max-snippet:-1","max-image-preview":"max-image-preview:large","max-video-preview":"max-video-preview:-1"},"canonical":"https:\/\/trilhosdanatureza.com\/en\/faqs\/","og_locale":"en_US","og_type":"article","og_title":"FAQS - Trilhos da Natureza - Empresa de Anima\u00e7\u00e3o Tur\u00edstica A\u00e7ores","og_url":"https:\/\/trilhosdanatureza.com\/en\/faqs\/","og_site_name":"Trilhos da Natureza - Empresa de Anima\u00e7\u00e3o Tur\u00edstica A\u00e7ores","article_publisher":"https:\/\/www.facebook.com\/trilhosdanatureza\/","article_modified_time":"2023-09-18T11:53:24+00:00","twitter_card":"summary_large_image","schema":{"@context":"https:\/\/schema.org","@graph":[{"@type":"WebPage","@id":"https:\/\/trilhosdanatureza.com\/en\/faqs\/","url":"https:\/\/trilhosdanatureza.com\/en\/faqs\/","name":"FAQS - Trilhos da Natureza - Empresa de Anima\u00e7\u00e3o Tur\u00edstica A\u00e7ores","isPartOf":{"@id":"https:\/\/trilhosdanatureza.com\/#website"},"datePublished":"2023-08-31T12:07:14+00:00","dateModified":"2023-09-18T11:53:24+00:00","breadcrumb":{"@id":"https:\/\/trilhosdanatureza.com\/en\/faqs\/#breadcrumb"},"inLanguage":"en-US","potentialAction":[{"@type":"ReadAction","target":["https:\/\/trilhosdanatureza.com\/en\/faqs\/"]}]},{"@type":"BreadcrumbList","@id":"https:\/\/trilhosdanatureza.com\/en\/faqs\/#breadcrumb","itemListElement":[{"@type":"ListItem","position":1,"name":"In\u00edcio","item":"https:\/\/trilhosdanatureza.com\/en\/"},{"@type":"ListItem","position":2,"name":"FAQS"}]},{"@type":"WebSite","@id":"https:\/\/trilhosdanatureza.com\/#website","url":"https:\/\/trilhosdanatureza.com\/","name":"Trilhos da Natureza - Empresa de Anima\u00e7\u00e3o Tur\u00edstica A\u00e7ores","description":"","publisher":{"@id":"https:\/\/trilhosdanatureza.com\/#organization"},"potentialAction":[{"@type":"SearchAction","target":{"@type":"EntryPoint","urlTemplate":"https:\/\/trilhosdanatureza.com\/?s={search_term_string}"},"query-input":"required name=search_term_string"}],"inLanguage":"en-US"},{"@type":"Organization","@id":"https:\/\/trilhosdanatureza.com\/#organization","name":"Trilhos da Natureza - Empresa de Anima\u00e7\u00e3o Tur\u00edstica A\u00e7ores","url":"https:\/\/trilhosdanatureza.com\/","logo":{"@type":"ImageObject","inLanguage":"en-US","@id":"https:\/\/trilhosdanatureza.com\/#\/schema\/logo\/image\/","url":"https:\/\/trilhosdanatureza.com\/wp-content\/uploads\/2023\/09\/logo-pt.png","contentUrl":"https:\/\/trilhosdanatureza.com\/wp-content\/uploads\/2023\/09\/logo-pt.png","width":228,"height":100,"caption":"Trilhos da Natureza - Empresa de Anima\u00e7\u00e3o Tur\u00edstica A\u00e7ores"},"image":{"@id":"https:\/\/trilhosdanatureza.com\/#\/schema\/logo\/image\/"},"sameAs":["https:\/\/www.facebook.com\/trilhosdanatureza\/","https:\/\/www.instagram.com\/azorestrailsofnature\/"]}]}},"_links":{"self":[{"href":"https:\/\/trilhosdanatureza.com\/en\/wp-json\/wp\/v2\/pages\/370","targetHints":{"allow":["GET"]}}],"collection":[{"href":"https:\/\/trilhosdanatureza.com\/en\/wp-json\/wp\/v2\/pages"}],"about":[{"href":"https:\/\/trilhosdanatureza.com\/en\/wp-json\/wp\/v2\/types\/page"}],"author":[{"embeddable":true,"href":"https:\/\/trilhosdanatureza.com\/en\/wp-json\/wp\/v2\/users\/1"}],"replies":[{"embeddable":true,"href":"https:\/\/trilhosdanatureza.com\/en\/wp-json\/wp\/v2\/comments?post=370"}],"version-history":[{"count":3,"href":"https:\/\/trilhosdanatureza.com\/en\/wp-json\/wp\/v2\/pages\/370\/revisions"}],"predecessor-version":[{"id":383,"href":"https:\/\/trilhosdanatureza.com\/en\/wp-json\/wp\/v2\/pages\/370\/revisions\/383"}],"wp:attachment":[{"href":"https:\/\/trilhosdanatureza.com\/en\/wp-json\/wp\/v2\/media?parent=370"}],"curies":[{"name":"wp","href":"https:\/\/api.w.org\/{rel}","templated":true}]}}