{"id":373,"date":"2023-08-31T12:06:24","date_gmt":"2023-08-31T12:06:24","guid":{"rendered":"https:\/\/trilhosdanatureza.com\/quem-somos\/"},"modified":"2026-02-27T16:57:16","modified_gmt":"2026-02-27T16:57:16","slug":"quem-somos","status":"publish","type":"page","link":"https:\/\/trilhosdanatureza.com\/en\/quem-somos\/","title":{"rendered":"About us"},"content":{"rendered":"<p>Hello! I am <strong>Pedro Rodrigues<\/strong>, the managing partner of the company \u201cTrilhos da Natureza\u201d. I am an unconditional admirer of S\u00e3o Miguel Island\u2019s beauty and the Azores landscape in general. Lover of these islands, I enjoy all kinds of activities whether on land or in the sea.<\/p>\n<p>The company was founded in 1999 and emerged right after some 4\u00d74 tours where many recondite places were explored and after finding out that S\u00e3o Miguel has unique and amazing natural beauty scenery, most of them completely unknown by the majority of the local people. And this way an innovating idea was born: 4\u00d74 vehicles were purchased so we could show these places \u2013 some more touristic, others less, such as dirt paths with their surrounding natural beauty which are not less interesting nor worthy to be visited \u2013 to the people that visit us. When I began this activity there were no other companies with this kind of service to offer. This way the first company of Touristic Animation arose in the Azores with the patent given by the Azorean Government.<\/p>\n<p>We wanted to invest in the innovation and during the last years we have diversified our services. We have enlarged the company to services such as hiking trails and biking tours.<\/p>\n","protected":false},"excerpt":{"rendered":"<p>Hello! I am Pedro Rodrigues, the managing partner of the company \u201cTrilhos da Natureza\u201d. I am an unconditional admirer of S\u00e3o Miguel Island\u2019s beauty and the Azores landscape in general. Lover of these islands, I enjoy all kinds of activities whether on land or in the sea. The company was founded in 1999 and emerged [&hellip;]<\/p>\n","protected":false},"author":1,"featured_media":0,"parent":0,"menu_order":0,"comment_status":"closed","ping_status":"closed","template":"template-quem_somos.php","meta":{"footnotes":""},"class_list":["post-373","page","type-page","status-publish","hentry"],"acf":[],"yoast_head":"<!-- This site is optimized with the Yoast SEO plugin v21.1 - https:\/\/yoast.com\/wordpress\/plugins\/seo\/ -->\n<title>About us - Trilhos da Natureza - Empresa de Anima\u00e7\u00e3o Tur\u00edstica A\u00e7ores<\/title>\n<meta name=\"robots\" content=\"index, follow, max-snippet:-1, max-image-preview:large, max-video-preview:-1\" \/>\n<link rel=\"canonical\" href=\"https:\/\/trilhosdanatureza.com\/en\/quem-somos\/\" \/>\n<meta property=\"og:locale\" content=\"en_US\" \/>\n<meta property=\"og:type\" content=\"article\" \/>\n<meta property=\"og:title\" content=\"About us - Trilhos da Natureza - Empresa de Anima\u00e7\u00e3o Tur\u00edstica A\u00e7ores\" \/>\n<meta property=\"og:description\" content=\"Hello! I am Pedro Rodrigues, the managing partner of the company \u201cTrilhos da Natureza\u201d. I am an unconditional admirer of S\u00e3o Miguel Island\u2019s beauty and the Azores landscape in general. Lover of these islands, I enjoy all kinds of activities whether on land or in the sea. The company was founded in 1999 and emerged [&hellip;]\" \/>\n<meta property=\"og:url\" content=\"https:\/\/trilhosdanatureza.com\/en\/quem-somos\/\" \/>\n<meta property=\"og:site_name\" content=\"Trilhos da Natureza - Empresa de Anima\u00e7\u00e3o Tur\u00edstica A\u00e7ores\" \/>\n<meta property=\"article:publisher\" content=\"https:\/\/www.facebook.com\/trilhosdanatureza\/\" \/>\n<meta property=\"article:modified_time\" content=\"2026-02-27T16:57:16+00:00\" \/>\n<meta name=\"twitter:card\" content=\"summary_large_image\" \/>\n<meta name=\"twitter:label1\" content=\"Est. reading time\" \/>\n\t<meta name=\"twitter:data1\" content=\"2 minutes\" \/>\n<script type=\"application\/ld+json\" class=\"yoast-schema-graph\">{\"@context\":\"https:\/\/schema.org\",\"@graph\":[{\"@type\":\"WebPage\",\"@id\":\"https:\/\/trilhosdanatureza.com\/en\/quem-somos\/\",\"url\":\"https:\/\/trilhosdanatureza.com\/en\/quem-somos\/\",\"name\":\"About us - Trilhos da Natureza - Empresa de Anima\u00e7\u00e3o Tur\u00edstica A\u00e7ores\",\"isPartOf\":{\"@id\":\"https:\/\/trilhosdanatureza.com\/#website\"},\"datePublished\":\"2023-08-31T12:06:24+00:00\",\"dateModified\":\"2026-02-27T16:57:16+00:00\",\"breadcrumb\":{\"@id\":\"https:\/\/trilhosdanatureza.com\/en\/quem-somos\/#breadcrumb\"},\"inLanguage\":\"en-US\",\"potentialAction\":[{\"@type\":\"ReadAction\",\"target\":[\"https:\/\/trilhosdanatureza.com\/en\/quem-somos\/\"]}]},{\"@type\":\"BreadcrumbList\",\"@id\":\"https:\/\/trilhosdanatureza.com\/en\/quem-somos\/#breadcrumb\",\"itemListElement\":[{\"@type\":\"ListItem\",\"position\":1,\"name\":\"In\u00edcio\",\"item\":\"https:\/\/trilhosdanatureza.com\/en\/\"},{\"@type\":\"ListItem\",\"position\":2,\"name\":\"About us\"}]},{\"@type\":\"WebSite\",\"@id\":\"https:\/\/trilhosdanatureza.com\/#website\",\"url\":\"https:\/\/trilhosdanatureza.com\/\",\"name\":\"Trilhos da Natureza - Empresa de Anima\u00e7\u00e3o Tur\u00edstica A\u00e7ores\",\"description\":\"\",\"publisher\":{\"@id\":\"https:\/\/trilhosdanatureza.com\/#organization\"},\"potentialAction\":[{\"@type\":\"SearchAction\",\"target\":{\"@type\":\"EntryPoint\",\"urlTemplate\":\"https:\/\/trilhosdanatureza.com\/?s={search_term_string}\"},\"query-input\":\"required name=search_term_string\"}],\"inLanguage\":\"en-US\"},{\"@type\":\"Organization\",\"@id\":\"https:\/\/trilhosdanatureza.com\/#organization\",\"name\":\"Trilhos da Natureza - Empresa de Anima\u00e7\u00e3o Tur\u00edstica A\u00e7ores\",\"url\":\"https:\/\/trilhosdanatureza.com\/\",\"logo\":{\"@type\":\"ImageObject\",\"inLanguage\":\"en-US\",\"@id\":\"https:\/\/trilhosdanatureza.com\/#\/schema\/logo\/image\/\",\"url\":\"https:\/\/trilhosdanatureza.com\/wp-content\/uploads\/2023\/09\/logo-pt.png\",\"contentUrl\":\"https:\/\/trilhosdanatureza.com\/wp-content\/uploads\/2023\/09\/logo-pt.png\",\"width\":228,\"height\":100,\"caption\":\"Trilhos da Natureza - Empresa de Anima\u00e7\u00e3o Tur\u00edstica A\u00e7ores\"},\"image\":{\"@id\":\"https:\/\/trilhosdanatureza.com\/#\/schema\/logo\/image\/\"},\"sameAs\":[\"https:\/\/www.facebook.com\/trilhosdanatureza\/\",\"https:\/\/www.instagram.com\/azorestrailsofnature\/\"]}]}<\/script>\n<!-- \/ Yoast SEO plugin. -->","yoast_head_json":{"title":"About us - Trilhos da Natureza - Empresa de Anima\u00e7\u00e3o Tur\u00edstica A\u00e7ores","robots":{"index":"index","follow":"follow","max-snippet":"max-snippet:-1","max-image-preview":"max-image-preview:large","max-video-preview":"max-video-preview:-1"},"canonical":"https:\/\/trilhosdanatureza.com\/en\/quem-somos\/","og_locale":"en_US","og_type":"article","og_title":"About us - Trilhos da Natureza - Empresa de Anima\u00e7\u00e3o Tur\u00edstica A\u00e7ores","og_description":"Hello! I am Pedro Rodrigues, the managing partner of the company \u201cTrilhos da Natureza\u201d. I am an unconditional admirer of S\u00e3o Miguel Island\u2019s beauty and the Azores landscape in general. Lover of these islands, I enjoy all kinds of activities whether on land or in the sea. The company was founded in 1999 and emerged [&hellip;]","og_url":"https:\/\/trilhosdanatureza.com\/en\/quem-somos\/","og_site_name":"Trilhos da Natureza - Empresa de Anima\u00e7\u00e3o Tur\u00edstica A\u00e7ores","article_publisher":"https:\/\/www.facebook.com\/trilhosdanatureza\/","article_modified_time":"2026-02-27T16:57:16+00:00","twitter_card":"summary_large_image","twitter_misc":{"Est. reading time":"2 minutes"},"schema":{"@context":"https:\/\/schema.org","@graph":[{"@type":"WebPage","@id":"https:\/\/trilhosdanatureza.com\/en\/quem-somos\/","url":"https:\/\/trilhosdanatureza.com\/en\/quem-somos\/","name":"About us - Trilhos da Natureza - Empresa de Anima\u00e7\u00e3o Tur\u00edstica A\u00e7ores","isPartOf":{"@id":"https:\/\/trilhosdanatureza.com\/#website"},"datePublished":"2023-08-31T12:06:24+00:00","dateModified":"2026-02-27T16:57:16+00:00","breadcrumb":{"@id":"https:\/\/trilhosdanatureza.com\/en\/quem-somos\/#breadcrumb"},"inLanguage":"en-US","potentialAction":[{"@type":"ReadAction","target":["https:\/\/trilhosdanatureza.com\/en\/quem-somos\/"]}]},{"@type":"BreadcrumbList","@id":"https:\/\/trilhosdanatureza.com\/en\/quem-somos\/#breadcrumb","itemListElement":[{"@type":"ListItem","position":1,"name":"In\u00edcio","item":"https:\/\/trilhosdanatureza.com\/en\/"},{"@type":"ListItem","position":2,"name":"About us"}]},{"@type":"WebSite","@id":"https:\/\/trilhosdanatureza.com\/#website","url":"https:\/\/trilhosdanatureza.com\/","name":"Trilhos da Natureza - Empresa de Anima\u00e7\u00e3o Tur\u00edstica A\u00e7ores","description":"","publisher":{"@id":"https:\/\/trilhosdanatureza.com\/#organization"},"potentialAction":[{"@type":"SearchAction","target":{"@type":"EntryPoint","urlTemplate":"https:\/\/trilhosdanatureza.com\/?s={search_term_string}"},"query-input":"required name=search_term_string"}],"inLanguage":"en-US"},{"@type":"Organization","@id":"https:\/\/trilhosdanatureza.com\/#organization","name":"Trilhos da Natureza - Empresa de Anima\u00e7\u00e3o Tur\u00edstica A\u00e7ores","url":"https:\/\/trilhosdanatureza.com\/","logo":{"@type":"ImageObject","inLanguage":"en-US","@id":"https:\/\/trilhosdanatureza.com\/#\/schema\/logo\/image\/","url":"https:\/\/trilhosdanatureza.com\/wp-content\/uploads\/2023\/09\/logo-pt.png","contentUrl":"https:\/\/trilhosdanatureza.com\/wp-content\/uploads\/2023\/09\/logo-pt.png","width":228,"height":100,"caption":"Trilhos da Natureza - Empresa de Anima\u00e7\u00e3o Tur\u00edstica A\u00e7ores"},"image":{"@id":"https:\/\/trilhosdanatureza.com\/#\/schema\/logo\/image\/"},"sameAs":["https:\/\/www.facebook.com\/trilhosdanatureza\/","https:\/\/www.instagram.com\/azorestrailsofnature\/"]}]}},"_links":{"self":[{"href":"https:\/\/trilhosdanatureza.com\/en\/wp-json\/wp\/v2\/pages\/373","targetHints":{"allow":["GET"]}}],"collection":[{"href":"https:\/\/trilhosdanatureza.com\/en\/wp-json\/wp\/v2\/pages"}],"about":[{"href":"https:\/\/trilhosdanatureza.com\/en\/wp-json\/wp\/v2\/types\/page"}],"author":[{"embeddable":true,"href":"https:\/\/trilhosdanatureza.com\/en\/wp-json\/wp\/v2\/users\/1"}],"replies":[{"embeddable":true,"href":"https:\/\/trilhosdanatureza.com\/en\/wp-json\/wp\/v2\/comments?post=373"}],"version-history":[{"count":3,"href":"https:\/\/trilhosdanatureza.com\/en\/wp-json\/wp\/v2\/pages\/373\/revisions"}],"predecessor-version":[{"id":1000,"href":"https:\/\/trilhosdanatureza.com\/en\/wp-json\/wp\/v2\/pages\/373\/revisions\/1000"}],"wp:attachment":[{"href":"https:\/\/trilhosdanatureza.com\/en\/wp-json\/wp\/v2\/media?parent=373"}],"curies":[{"name":"wp","href":"https:\/\/api.w.org\/{rel}","templated":true}]}}